{"id":305,"date":"2025-06-30T19:28:16","date_gmt":"2025-06-30T17:28:16","guid":{"rendered":"http:\/\/kerstinpohle.com\/?page_id=305"},"modified":"2025-08-30T12:09:33","modified_gmt":"2025-08-30T10:09:33","slug":"impressum","status":"publish","type":"page","link":"https:\/\/kerstinpohle.de\/en\/impressum\/","title":{"rendered":"Impressum"},"content":{"rendered":"<div data-elementor-type=\"wp-page\" data-elementor-id=\"305\" class=\"elementor elementor-305\" data-elementor-post-type=\"page\">\n\t\t\t\t<div class=\"elementor-element elementor-element-d7caaf3 e-flex e-con-boxed e-con e-parent\" data-id=\"d7caaf3\" data-element_type=\"container\">\n\t\t\t\t\t<div class=\"e-con-inner\">\n\t\t\t\t<div class=\"elementor-element elementor-element-6b20833 elementor-widget elementor-widget-html\" data-id=\"6b20833\" data-element_type=\"widget\" data-widget_type=\"html.default\">\n\t\t\t\t<div class=\"elementor-widget-container\">\n\t\t\t\t\t<h2>Impressum<\/h2>\n\n<p>Angaben gem\u00e4\u00df \u00a7 5 TMG<\/p>\n\n<p>Kerstin Pohle<\/p>\n<p>Schanzenstra\u00dfe 31<\/p>\n<p>40549 D\u00fcsseldorf<\/p>\n<p>Telefonnummer: +4915110697701<\/p>\n<p>E-Mail-Adresse: mail@kerstinpohle.de<\/p>\n<div>\n <h2>Verantwortlich f\u00fcr journalistisch-redaktionelle Inhalte:<\/h2>\n <p>Kerstin Pohle<\/p> \n <br \/>\n <p>Schanzenstra\u00dfe 31<\/p>\n <p>D\u00fcsseldorf<\/p>\n <p>Deutschland<\/p> \n <br \/> \n <br \/> \n <br \/>\n<\/div>\n<div>\n <h2>EU-Streitschlichtung (OS-Plattform):<\/h2>\n <p>Die EU-Kommission hat eine Europ\u00e4ische OS-Plattform zur au\u00dfergerichtlichen Online-Beilegung von Streitigkeiten zwischen Verbrauchern und Unternehmern eingerichtet. Diese ist erreichbar unter: <a target=\"_blank\" rel=\"noopener noreferrer nofollow\" href=\"https:\/\/ec.europa.eu\/consumers\/odr\">https:\/\/ec.europa.eu\/consumers\/odr<\/a> <\/p>\n <p>Der Anbieter ist nicht verpflichtet und nicht bereit, an einem solchen Schlichtungsverfahren teilzunehmen.Die E-Mail-Adresse des Anbieters lautet mail@kerstinpohle.de.<\/p>\n<\/div>\n<p>Im Falle von Abweichungen zwischen der deutschen und der englischen Fassung hat die deutsche Fassung Vorrang.<\/p>\t\t\t\t<\/div>\n\t\t\t\t<\/div>\n\t\t\t\t\t<\/div>\n\t\t\t\t<\/div>\n\t\t\t\t<\/div>","protected":false},"excerpt":{"rendered":"<p>Impressum Angaben gem\u00e4\u00df \u00a7 5 TMG Kerstin Pohle Schanzenstra\u00dfe 31 40549 D\u00fcsseldorf Telefonnummer: +4915110697701 E-Mail-Adresse: mail@kerstinpohle.de Verantwortlich f\u00fcr journalistisch-redaktionelle Inhalte: Kerstin Pohle Schanzenstra\u00dfe 31 D\u00fcsseldorf Deutschland EU-Streitschlichtung (OS-Plattform): Die EU-Kommission hat eine Europ\u00e4ische OS-Plattform zur au\u00dfergerichtlichen Online-Beilegung von Streitigkeiten zwischen Verbrauchern und Unternehmern eingerichtet. Diese ist erreichbar unter: https:\/\/ec.europa.eu\/consumers\/odr Der Anbieter ist nicht verpflichtet und [&hellip;]<\/p>","protected":false},"author":1,"featured_media":0,"parent":0,"menu_order":0,"comment_status":"closed","ping_status":"closed","template":"","meta":{"_seopress_robots_primary_cat":"","_seopress_titles_title":"","_seopress_titles_desc":"","_seopress_robots_index":"yes","footnotes":""},"folder":[17],"class_list":["post-305","page","type-page","status-publish","hentry"],"_links":{"self":[{"href":"https:\/\/kerstinpohle.de\/en\/wp-json\/wp\/v2\/pages\/305","targetHints":{"allow":["GET"]}}],"collection":[{"href":"https:\/\/kerstinpohle.de\/en\/wp-json\/wp\/v2\/pages"}],"about":[{"href":"https:\/\/kerstinpohle.de\/en\/wp-json\/wp\/v2\/types\/page"}],"author":[{"embeddable":true,"href":"https:\/\/kerstinpohle.de\/en\/wp-json\/wp\/v2\/users\/1"}],"replies":[{"embeddable":true,"href":"https:\/\/kerstinpohle.de\/en\/wp-json\/wp\/v2\/comments?post=305"}],"version-history":[{"count":4,"href":"https:\/\/kerstinpohle.de\/en\/wp-json\/wp\/v2\/pages\/305\/revisions"}],"predecessor-version":[{"id":309,"href":"https:\/\/kerstinpohle.de\/en\/wp-json\/wp\/v2\/pages\/305\/revisions\/309"}],"wp:attachment":[{"href":"https:\/\/kerstinpohle.de\/en\/wp-json\/wp\/v2\/media?parent=305"}],"wp:term":[{"taxonomy":"folder","embeddable":true,"href":"https:\/\/kerstinpohle.de\/en\/wp-json\/wp\/v2\/folder?post=305"}],"curies":[{"name":"wp","href":"https:\/\/api.w.org\/{rel}","templated":true}]}}